{"id":715,"date":"2023-04-28T14:58:50","date_gmt":"2023-04-28T14:58:50","guid":{"rendered":"https:\/\/timelesstable.design\/notions-legales\/"},"modified":"2023-09-13T08:56:29","modified_gmt":"2023-09-13T08:56:29","slug":"notions-legales","status":"publish","type":"page","link":"https:\/\/timelesstable.design\/fr\/notions-legales\/","title":{"rendered":"Mentions l\u00e9gales"},"content":{"rendered":"<section  class='av_textblock_section av-ll0itq8l-7daae203460f65e0dd6237ae4d36c8cc '   itemscope=\"itemscope\" itemtype=\"https:\/\/schema.org\/CreativeWork\" ><div class='avia_textblock'  itemprop=\"text\" ><hr>\n<h3 style=\"text-align: center;\">IMPRESSUM<\/h3>\n<p>Copyright &#8211; Tous droits r\u00e9serv\u00e9s<\/p>\n<p>Editeur responsable :<\/p>\n<p>TimelessTable.design<br \/>\nStephan Rauw SPRL<br \/>\nAuf dem Berg 32<br \/>\n4761 Rocherath<\/p>\n<p>Mobile: +32 (0) 473 80 16 93<br \/>\nEmail: <a href=\"mailto:info@timelesstable.design\">info@timelesstable.design<\/a><\/p>\n<p>ID-Nr.: BE0444.766.873<\/p>\n<p>Sur nos pages, vous pouvez trouver des liens vers d&rsquo;autres sites web sur Internet. Nous n&rsquo;assumons aucune responsabilit\u00e9 quant \u00e0 l&rsquo;exactitude des informations fournies sur ces sites, ce qui vaut \u00e9galement pour les liens qui y m\u00e8nent. La propri\u00e9t\u00e9 intellectuelle qui est contenue dans ce site Web est prot\u00e9g\u00e9e. Par la publication de ce site Web, les producteurs n&rsquo;accordent aucune licence \u00e0 des tiers quelconques pour l&rsquo;utilisation de cette propri\u00e9t\u00e9.<\/p>\n<p>Texte, photos, graphismes, son, animations et vid\u00e9os, ainsi que leur agencement sur ce site Web, sont soumis \u00e0 la protection du droit d&rsquo;auteur et \u00e0 d&rsquo;autres lois relatives \u00e0 la protection. Le contenu de ce site Web ne peut pas \u00eatre copi\u00e9, diffus\u00e9, modifi\u00e9 ou rendu accessible \u00e0 des tiers \u00e0 des fins commerciales. Ce site Web contient en outre des images sur lesquelles des tiers d\u00e9tiennent le copyright.<\/p>\n<p>Il a \u00e9t\u00e9 cr\u00e9\u00e9 avec le plus grand soin. Malgr\u00e9 tout, l&rsquo;\u00e9diteur responsable et les producteurs ne peuvent pas garantir que les informations qu&rsquo;il contient sont exemptes d&rsquo;erreur et parfaitement correctes. Ils d\u00e9gagent toute responsabilit\u00e9 pour des dommages qui r\u00e9sulteraient directement ou indirectement de l&rsquo;utilisation de ce site Web. Nous ne sommes pas responsables pour le contenu de sites vers lesquelles nous mettons des liens.<\/p>\n<hr>\n<h3 style=\"text-align: center;\">CONDITIONS GENERALES<\/h3>\n<p>Nos conditions g\u00e9n\u00e9rales sont disponibles sur demande.<\/p>\n<hr>\n<h3 style=\"text-align: center;\">PROTECTION DES DONNEES<\/h3>\n<p>Nous prenons la protection de vos donn\u00e9es tr\u00e8s au s\u00e9rieux et traitons vos donn\u00e9es \u00e0 caract\u00e8re personnel de mani\u00e8re confidentielle, conform\u00e9ment aux dispositions l\u00e9gales.<\/p>\n<p>Veuillez noter que, fondamentalement, la transmission de donn\u00e9es sur Internet peut conna\u00eetre des failles de s\u00e9curit\u00e9. Il est impossible d\u2019assurer une protection compl\u00e8te contre l&rsquo;acc\u00e8s par des tiers.<\/p>\n<h4 style=\"text-align: center;\">Donn\u00e9es d&rsquo;acc\u00e8s<\/h4>\n<p>Lorsque vous visitez notre site web, des donn\u00e9es relatives \u00e0 l&rsquo;acc\u00e8s au site sont recueillies et stock\u00e9es sous forme de \u00ab fichiers journaux de serveur \u00bb. Il s&rsquo;agit, entre autres, des donn\u00e9es suivantes :<\/p>\n<p>\u2022 Pages ou sections visit\u00e9es<br \/>\n\u2022 Date et heure de l&rsquo;acc\u00e8s<br \/>\n\u2022 Dur\u00e9e de connexion<br \/>\n\u2022 Source\/r\u00e9f\u00e9rence depuis laquelle vous avez acc\u00e9d\u00e9 au site<br \/>\n\u2022 Navigateur utilis\u00e9<br \/>\n\u2022 Syst\u00e8me d&rsquo;exploitation utilis\u00e9<br \/>\n\u2022 Adresse IP utilis\u00e9e<br \/>\n\u2022 Termes de recherche utilis\u00e9s<\/p>\n<p>Les donn\u00e9es recueillies servent uniquement \u00e0 r\u00e9aliser des \u00e9valuations statistiques et \u00e0 am\u00e9liorer notre site web. Nous n&rsquo;assumons aucune responsabilit\u00e9 quant au contenu et \u00e0 la protection des donn\u00e9es des sites web vers lesquels nous proposons des liens.<\/p>\n<h4 style=\"text-align: center;\">Cookies<\/h4>\n<p>Ce site web utilise des cookies. Ce sont de petits fichiers texte qui sont stock\u00e9s sur votre appareil final. Votre navigateur a acc\u00e8s \u00e0 ces fichiers. L&rsquo;utilisation de cookies augmente la convivialit\u00e9 de ce site web. Cependant, les navigateurs courants proposent une option pour ne pas autoriser les cookies.<\/p>\n<h4 style=\"text-align: center;\">Traitement des donn\u00e9es de contact<\/h4>\n<p>Si vous prenez contact avec nous au moyen des possibilit\u00e9s de contact offertes, par exemple \u00e0 l&rsquo;occasion d&rsquo;une demande, vos donn\u00e9es sont stock\u00e9es afin que nous puissions y acc\u00e9der pour traiter et r\u00e9pondre \u00e0 votre demande.<\/p>\n<p>Nous nous engageons \u00e0 ne pas transmettre vos donn\u00e9es \u00e0 caract\u00e8re personnel \u00e0 des tiers. Les donn\u00e9es \u00e0 caract\u00e8re personnel correspondent \u00e0 toutes les informations qui servent \u00e0 vous identifier et qui peuvent \u00eatre utilis\u00e9es pour remonter jusqu&rsquo;\u00e0 vous, telles que votre nom, votre adresse \u00e9lectronique et votre num\u00e9ro de t\u00e9l\u00e9phone.<\/p>\n<h4 style=\"text-align: center;\">Droits de l&rsquo;utilisateur : acc\u00e8s, rectification et effacement<\/h4>\n<p>En tant qu&rsquo;utilisateur, et \u00e0 votre demande, vous pouvez gratuitement acc\u00e9der aux donn\u00e9es \u00e0 caract\u00e8re personnel qui ont \u00e9t\u00e9 stock\u00e9es vous concernant. Tant que votre demande n\u2019entre pas en conflit avec une obligation l\u00e9gale de conservation des donn\u00e9es, vous avez le droit de faire rectifier les donn\u00e9es erron\u00e9es et de faire effacer vos donn\u00e9es \u00e0 caract\u00e8re personnel.<\/p>\n<\/div><\/section>\n","protected":false},"excerpt":{"rendered":"","protected":false},"author":3,"featured_media":0,"parent":0,"menu_order":0,"comment_status":"closed","ping_status":"open","template":"","meta":{"footnotes":""},"class_list":["post-715","page","type-page","status-publish","hentry"],"aioseo_notices":[],"_links":{"self":[{"href":"https:\/\/timelesstable.design\/fr\/wp-json\/wp\/v2\/pages\/715","targetHints":{"allow":["GET"]}}],"collection":[{"href":"https:\/\/timelesstable.design\/fr\/wp-json\/wp\/v2\/pages"}],"about":[{"href":"https:\/\/timelesstable.design\/fr\/wp-json\/wp\/v2\/types\/page"}],"author":[{"embeddable":true,"href":"https:\/\/timelesstable.design\/fr\/wp-json\/wp\/v2\/users\/3"}],"replies":[{"embeddable":true,"href":"https:\/\/timelesstable.design\/fr\/wp-json\/wp\/v2\/comments?post=715"}],"version-history":[{"count":10,"href":"https:\/\/timelesstable.design\/fr\/wp-json\/wp\/v2\/pages\/715\/revisions"}],"predecessor-version":[{"id":807,"href":"https:\/\/timelesstable.design\/fr\/wp-json\/wp\/v2\/pages\/715\/revisions\/807"}],"wp:attachment":[{"href":"https:\/\/timelesstable.design\/fr\/wp-json\/wp\/v2\/media?parent=715"}],"curies":[{"name":"wp","href":"https:\/\/api.w.org\/{rel}","templated":true}]}}